{"id":519,"date":"2020-08-25T15:34:03","date_gmt":"2020-08-25T13:34:03","guid":{"rendered":"https:\/\/www.schwab-ltfi.com\/beratungsmodule-fuer-unternehmer\/beratungsmodul-iii-internet-und-wettbewerbsrecht\/"},"modified":"2020-08-25T16:12:41","modified_gmt":"2020-08-25T14:12:41","slug":"beratungsmodul-iii-internet-und-wettbewerbsrecht","status":"publish","type":"page","link":"https:\/\/schwab-ltfi.com\/fr\/beratungsmodule-fuer-unternehmer\/beratungsmodul-iii-internet-und-wettbewerbsrecht\/","title":{"rendered":"Beratungsmodul III &#8211; Internet- und Wettbewerbsrecht"},"content":{"rendered":"<p>Es ist heute selbstverst\u00e4ndlich, da\u00df Ihr Unternehmen im Internet pr\u00e4sent ist. Dabei sind eine Reihe von juristischen Regeln und Vorgaben zu beachten. Werbewirksame Mitteilungen von Daten zu Ihrem Unternehmen im Internet sollten daher in regelm\u00e4\u00dfigen Abst\u00e4nden rechtlich \u00fcberpr\u00fcft werden. Zus\u00e4tzlich empfiehlt es sich, die f\u00fcr Ihr Unternehmen wichtigen Namen, Gesch\u00e4ftsausstattungen und Internetadressen sch\u00fctzen zu lassen, um Ihre Arbeit zu sichern und um Ihren Konkurrenten keine ungerechtfertigten Vorteile zukommen zu lassen.<\/p>\n<p>Stichwort Datenrecht: wir zeigen Ihnen, wie Sie Ihre Daten rechtssicher im Internet verwenden und sch\u00fctzen.<\/p>\n<p>Ein weiterer, praktisch wichtiger Bereich ist das Wettbewerbsrecht. Dieses Rechtsgebiet stellt heute eine eigene Disziplin mit einer Vielzahl an Regeln und Verfahren dar, die sich in Ihrem tagesgesch\u00e4ft nicht ohne weiteres \u00fcberblicken lassen. Fest steht jedenfalls, da\u00df l\u00e4ngst nicht alle Werbema\u00dfnahmen zul\u00e4ssig sind, auch wenn diese Erfolg versprechen oder in der Vergangenheit nicht beanstandet worden sind. Rechtssicherheit bedeutet auch in diesem Bereich Planungssicherheit und Kostenersparnisse.<\/p>\n<p>Unsere Spezialisten bieten Ihnen die Pr\u00fcfung und erforderlichenfalls Anpassung Ihres Internetauftritts sowie die Definition und Betreuung aller von Ihnen ben\u00f6tigten Schutzrechte an. Unberechtigte Aussagen und Behauptungen von Konkurrenten im Wettbewerb greifen wir f\u00fcr Sie an. Ebenso vertreten wir Ihre Interessen, erforderlichenfalls auch vor Gericht, falls Sie eine Abmahnung erhalten oder in sonstiger Weise wettbewerbsrechtlich von einem Konkurrenten angegriffen werden. Gerade letzteres &#8211; unberechtigte Abmahnungen &#8211; geh\u00f6rt heute leider zu einem weiten Bet\u00e4tigungsfeld gewisser Unternehmen und auch Kanzleien.<\/p>\n<p>Bitte sprechen Sie uns direkt an, sofern diese Dienstleistungen f\u00fcr Sie von Interesse sein k\u00f6nnten:<\/p>\n<p>Rechtsanwalt Dr. Kai Michael Schwab, Telefon 089 4613 490, kms@schwab-ltfi.com<\/p>\n<hr \/>\n<p><strong>Beratungsmodule f\u00fcr Unternehmer:<\/strong><\/p>\n<p><a href=\"https:\/\/www.schwab-ltfi.com\/beratungsmodule-fuer-unternehmer\/modul-i-inkasso\/\">Beratungsmodul I &#8211; Inkasso &#8211; au\u00dfergerichtlicher und gerichtlicher Einzug von Forderungen<\/a><br \/>\n<a href=\"https:\/\/www.schwab-ltfi.com\/beratungsmodule-fuer-unternehmer\/beratungsmodul-ii-vertragsgestaltung-und-geschaeftsbedingungen\/\">Beratungsmodul II &#8211; Vertragsgestaltung und Gesch\u00e4ftsbedingungen<\/a><br \/>\n<strong>Beratungsmodul III &#8211; Internet- und Wettbewerbsrecht<\/strong><br \/>\n<a href=\"https:\/\/www.schwab-ltfi.com\/beratungsmodule-fuer-unternehmer\/beratungsmodul-iv-langfristige-strategien\/\">Beratungsmodul IV &#8211; Langfristige Strategien<\/a><br \/>\n<a href=\"https:\/\/www.schwab-ltfi.com\/beratungsmodule-fuer-unternehmer\/beratungsmodul-v-vermoegensstruktur-renditekontrolle-steuerrecht-auch-fuer-privatiers-und-familien\/\">Beratungsmodul V &#8211; Verm\u00f6gensstruktur, Renditekontrolle, Steuerrecht &#8211; auch f\u00fcr Privatiers und Familien<\/a><\/p>\n","protected":false},"excerpt":{"rendered":"<p>Es ist heute selbstverst\u00e4ndlich, da\u00df Ihr Unternehmen im Internet pr\u00e4sent ist. Dabei sind eine Reihe von juristischen Regeln und Vorgaben zu beachten. Werbewirksame Mitteilungen von Daten zu Ihrem Unternehmen im Internet sollten daher in regelm\u00e4\u00dfigen Abst\u00e4nden rechtlich \u00fcberpr\u00fcft werden. Zus\u00e4tzlich empfiehlt es sich, die f\u00fcr Ihr Unternehmen wichtigen Namen, Gesch\u00e4ftsausstattungen und Internetadressen sch\u00fctzen zu lassen,&#8230;<\/p>\n","protected":false},"author":2,"featured_media":0,"parent":17,"menu_order":2,"comment_status":"closed","ping_status":"closed","template":"","meta":{"footnotes":""},"class_list":["post-519","page","type-page","status-publish","hentry"],"translation":{"provider":"WPGlobus","version":"3.0.2","language":"fr","enabled_languages":["de","en","fr"],"languages":{"de":{"title":true,"content":true,"excerpt":false},"en":{"title":false,"content":false,"excerpt":false},"fr":{"title":false,"content":false,"excerpt":false}}},"_links":{"self":[{"href":"https:\/\/schwab-ltfi.com\/fr\/wp-json\/wp\/v2\/pages\/519","targetHints":{"allow":["GET"]}}],"collection":[{"href":"https:\/\/schwab-ltfi.com\/fr\/wp-json\/wp\/v2\/pages"}],"about":[{"href":"https:\/\/schwab-ltfi.com\/fr\/wp-json\/wp\/v2\/types\/page"}],"author":[{"embeddable":true,"href":"https:\/\/schwab-ltfi.com\/fr\/wp-json\/wp\/v2\/users\/2"}],"replies":[{"embeddable":true,"href":"https:\/\/schwab-ltfi.com\/fr\/wp-json\/wp\/v2\/comments?post=519"}],"version-history":[{"count":2,"href":"https:\/\/schwab-ltfi.com\/fr\/wp-json\/wp\/v2\/pages\/519\/revisions"}],"predecessor-version":[{"id":549,"href":"https:\/\/schwab-ltfi.com\/fr\/wp-json\/wp\/v2\/pages\/519\/revisions\/549"}],"up":[{"embeddable":true,"href":"https:\/\/schwab-ltfi.com\/fr\/wp-json\/wp\/v2\/pages\/17"}],"wp:attachment":[{"href":"https:\/\/schwab-ltfi.com\/fr\/wp-json\/wp\/v2\/media?parent=519"}],"curies":[{"name":"wp","href":"https:\/\/api.w.org\/{rel}","templated":true}]}}