{"id":333,"date":"2016-08-14T12:57:49","date_gmt":"2016-08-14T10:57:49","guid":{"rendered":"http:\/\/www.schwab-ltfi.com\/?page_id=333"},"modified":"2024-10-23T11:41:03","modified_gmt":"2024-10-23T09:41:03","slug":"home","status":"publish","type":"page","link":"https:\/\/schwab-ltfi.com\/fr\/","title":{"rendered":"Cabinet d&#8217;avocat et conseil fiscal Dr. Schwab"},"content":{"rendered":"<p><br \/>\nNotre activit\u00e9 de conseil et de gestion s\u2019adresse aussi bien aux entreprises, aux professions lib\u00e9rales, aux particuliers qu\u2019aux investisseurs priv\u00e9s ou publics quels que soient leur secteur d\u2019activit\u00e9 ou leur taille. De plus, nous conseillons \u00e9galement toutes familles d\u2019ordre sur toutes les questions de droit priv\u00e9 relatives \u00e0 la fiscalit\u00e9 patrimoniale.<\/p>\n<h3><a href=\"\/fr\/arbeitsreferate\/\">Domaines de comp\u00e9tences<\/a><\/h3>\n<ul>\n<li>Droit des affaires, droit des soci\u00e9t\u00e9s et droit des<br \/>\ncontrats, y compris droit europ\u00e9en<\/li>\n<li>Droit fiscal, Droit des successions<\/li>\n<li>Financement de projets<\/li>\n<li>Prise de participations industrielles<\/li>\n<\/ul>\n<p>Le site Web de notre Cabinet renseigne le visiteur sur l\u2019\u00e9ventail des prestations offertes. Notre Cabinet s\u2019engage \u00e0 rectifier imm\u00e9diatement toute erreur survenue de son fait sur son site. Le Cabinet d\u00e9cline plus particuli\u00e8rement toute responsabilit\u00e9 quant au contenu des pages Internet dont les liens figurent dans cette pr\u00e9sentation. Les in-formations fournies par notre Cabinet le sont \u00e0 titre indicatif et ne sauraient dispenser l\u2019utilisateur d\u2019une analyse compl\u00e9mentaire et personnalis\u00e9e.<\/p>\n<h3>Copyright \/ Droits d\u2019auteur<\/h3>\n<p>Tous les contenus pr\u00e9sents sur ce site sont couverts par les droits d\u2019auteur. Toute reprise est d\u00e8s lors soumise \u00e0 l\u2019accord express du Cabinet.<\/p>\n","protected":false},"excerpt":{"rendered":"<p>Notre activit\u00e9 de conseil et de gestion s\u2019adresse aussi bien aux entreprises, aux professions lib\u00e9rales, aux particuliers qu\u2019aux investisseurs priv\u00e9s ou publics quels que soient leur secteur d\u2019activit\u00e9 ou leur taille. De plus, nous conseillons \u00e9galement toutes familles d\u2019ordre sur toutes les questions de droit priv\u00e9 relatives \u00e0 la fiscalit\u00e9 patrimoniale. Domaines de comp\u00e9tences Droit&#8230;<\/p>\n","protected":false},"author":2,"featured_media":0,"parent":0,"menu_order":5,"comment_status":"closed","ping_status":"open","template":"","meta":{"footnotes":""},"class_list":["post-333","page","type-page","status-publish","hentry"],"translation":{"provider":"WPGlobus","version":"3.0.2","language":"fr","enabled_languages":["de","en","fr"],"languages":{"de":{"title":true,"content":true,"excerpt":false},"en":{"title":true,"content":true,"excerpt":false},"fr":{"title":true,"content":true,"excerpt":false}}},"_links":{"self":[{"href":"https:\/\/schwab-ltfi.com\/fr\/wp-json\/wp\/v2\/pages\/333","targetHints":{"allow":["GET"]}}],"collection":[{"href":"https:\/\/schwab-ltfi.com\/fr\/wp-json\/wp\/v2\/pages"}],"about":[{"href":"https:\/\/schwab-ltfi.com\/fr\/wp-json\/wp\/v2\/types\/page"}],"author":[{"embeddable":true,"href":"https:\/\/schwab-ltfi.com\/fr\/wp-json\/wp\/v2\/users\/2"}],"replies":[{"embeddable":true,"href":"https:\/\/schwab-ltfi.com\/fr\/wp-json\/wp\/v2\/comments?post=333"}],"version-history":[{"count":3,"href":"https:\/\/schwab-ltfi.com\/fr\/wp-json\/wp\/v2\/pages\/333\/revisions"}],"predecessor-version":[{"id":334,"href":"https:\/\/schwab-ltfi.com\/fr\/wp-json\/wp\/v2\/pages\/333\/revisions\/334"}],"wp:attachment":[{"href":"https:\/\/schwab-ltfi.com\/fr\/wp-json\/wp\/v2\/media?parent=333"}],"curies":[{"name":"wp","href":"https:\/\/api.w.org\/{rel}","templated":true}]}}