{"id":25,"date":"2016-02-10T17:34:52","date_gmt":"2016-02-10T16:34:52","guid":{"rendered":"http:\/\/neu.schwab-ltfi.com\/?page_id=25"},"modified":"2025-10-06T18:31:33","modified_gmt":"2025-10-06T16:31:33","slug":"tmg-angaben","status":"publish","type":"page","link":"https:\/\/schwab-ltfi.com\/fr\/tmg-angaben\/","title":{"rendered":"Mentions L\u00e9gales"},"content":{"rendered":"<h2>Mentions L\u00e9gales<\/h2>\n<p>Cabinet d\u2019Avocats Dr. Schwab<br \/>\nDr. Kai Michael SCHWAB<br \/>\nB\u00fcrgerplatz 12<br \/>\n85748 Garching<\/p>\n<p>EMail: <a href=\"mailto:info@schwab-ltfi.com\" target=\"_blank\" rel=\"noopener\">info@schwab-ltfi.com<\/a><\/p>\n<h2>Ordre des Avocats comp\u00e9tent<\/h2>\n<p>Ordre des Avocats aupr\u00e8s de la Cour<br \/>\nd&#8217;Appel du District de la ville de Munich<br \/>\nTal 33, D- 80331 MUNICH<\/p>\n<h2>D\u00e9nomination professionnelle<\/h2>\n<p>RA Dr. jur. Kai Michael Schwab<br \/>\nAvocat<\/p>\n<h2>Droit professionnel applicable<\/h2>\n<p>L\u2019ensemble des dispositions applicables : BRAO, FAO, BORA, RVG, StGebVO<\/p>\n<p>Le r\u00e8glement de l\u2019Ordre allemand des avocats impose aux avocats de droit allemand exercant sur le territoire allemand la souscription d\u2019une assurance responsabilit\u00e9 professionnelle pour un montant minimum de \u20ac 250.000,00. Pour plus de d\u00e9tails, consultez le \u00a7 51 BRAO.<\/p>\n<p>Le Dr. Kai Michael Schwab a souscrit son assurance responsabilit\u00e9 professionnelle aupr\u00e8s de la compagnie d\u2019assurance VICTORIA Versicherung AG, sis \u00e0 Dusseldorf. La direction r\u00e9gionale de Bavi\u00e8re est situ\u00e9e \u00e0 81737 Munich, Thomas Dehler Stra\u00dfe 2, T\u00e9lephone +4989 6275 5286, e mail service@victoria.de &#8211; num\u00e9ro de police HV-HA 3336964, 6-00333-2906.<\/p>\n","protected":false},"excerpt":{"rendered":"<p>Mentions L\u00e9gales Cabinet d\u2019Avocats Dr. Schwab Dr. Kai Michael SCHWAB B\u00fcrgerplatz 12 85748 Garching EMail: info@schwab-ltfi.com Ordre des Avocats comp\u00e9tent Ordre des Avocats aupr\u00e8s de la Cour d&#8217;Appel du District de la ville de Munich Tal 33, D- 80331 MUNICH D\u00e9nomination professionnelle RA Dr. jur. Kai Michael Schwab Avocat Droit professionnel applicable L\u2019ensemble des dispositions&#8230;<\/p>\n","protected":false},"author":1,"featured_media":0,"parent":0,"menu_order":15,"comment_status":"closed","ping_status":"closed","template":"","meta":{"footnotes":""},"class_list":["post-25","page","type-page","status-publish","hentry"],"translation":{"provider":"WPGlobus","version":"3.0.2","language":"fr","enabled_languages":["de","en","fr"],"languages":{"de":{"title":true,"content":true,"excerpt":false},"en":{"title":true,"content":true,"excerpt":false},"fr":{"title":true,"content":true,"excerpt":false}}},"_links":{"self":[{"href":"https:\/\/schwab-ltfi.com\/fr\/wp-json\/wp\/v2\/pages\/25","targetHints":{"allow":["GET"]}}],"collection":[{"href":"https:\/\/schwab-ltfi.com\/fr\/wp-json\/wp\/v2\/pages"}],"about":[{"href":"https:\/\/schwab-ltfi.com\/fr\/wp-json\/wp\/v2\/types\/page"}],"author":[{"embeddable":true,"href":"https:\/\/schwab-ltfi.com\/fr\/wp-json\/wp\/v2\/users\/1"}],"replies":[{"embeddable":true,"href":"https:\/\/schwab-ltfi.com\/fr\/wp-json\/wp\/v2\/comments?post=25"}],"version-history":[{"count":9,"href":"https:\/\/schwab-ltfi.com\/fr\/wp-json\/wp\/v2\/pages\/25\/revisions"}],"predecessor-version":[{"id":604,"href":"https:\/\/schwab-ltfi.com\/fr\/wp-json\/wp\/v2\/pages\/25\/revisions\/604"}],"wp:attachment":[{"href":"https:\/\/schwab-ltfi.com\/fr\/wp-json\/wp\/v2\/media?parent=25"}],"curies":[{"name":"wp","href":"https:\/\/api.w.org\/{rel}","templated":true}]}}