{"id":23,"date":"2016-02-10T17:34:36","date_gmt":"2016-02-10T16:34:36","guid":{"rendered":"http:\/\/neu.schwab-ltfi.com\/?page_id=23"},"modified":"2025-10-06T18:22:25","modified_gmt":"2025-10-06T16:22:25","slug":"kontakt","status":"publish","type":"page","link":"https:\/\/schwab-ltfi.com\/fr\/kontakt\/","title":{"rendered":"Contact"},"content":{"rendered":"<p style=\"text-align: left;\">Gr\u00e2ce \u00e0 ses moyens de communications modernes, notre Cabinet affiche \u00e0 l\u2019encontre de ses donneurs d\u2019ordre une politique de communication \u00e9prouv\u00e9e et adopte la devise suivante :<\/p>\n<p style=\"text-align: center;\"><strong>Un conseil personnalis\u00e9 en quelque lieu de votre choix et une grande disponibilit\u00e9 assur\u00e9e !<\/strong><\/p>\n<p>Afin de nous permettre de mieux r\u00e9pondre \u00e0 votre demande, veuillez s\u2019il vous pla\u00eet nous adresser votre requ\u00eate par Email \u00e0 l\u2019adresse mentionn\u00e9e ci-apr\u00e8s. Nous vous contacterons pour convenir d\u2019une entrevue.<\/p>\n<p style=\"text-align: center;\">eMail: <a href=\"mailto:info@schwab-ltfi.com\">info@schwab-ltfi.com<\/a><br \/>\nTel: +49 89 320 60 65<br \/>\nSi\u00e8ge social : B\u00fcrgerplatz 12, 85748 Garching<\/p>\n<p>La communication externe de notre cabinet repose uniquement sur les conventions individuelles sign\u00e9es avec ses clients. Par cons\u00e9quent, vous ne recevrez pas de circulaire ou autre information publicitaire parce que nous consid\u00e9rons que vous \u00eates suffisamment pris par la lecture quotidienne de vos documents professionnels.<\/p>\n<div style=\"display:none\" class=\"fm-form-container fm-theme52\"><div id=\"fm-pages21\" class=\"fm-pages wdform_page_navigation \" show_title=\"false\" show_numbers=\"true\" type=\"none\"><\/div><form name=\"form21\" action=\"\/fr\/wp-json\/wp\/v2\/pages\/23\" method=\"post\" id=\"form21\" class=\"fm-form form21  \" enctype=\"multipart\/form-data\"><input type=\"hidden\" id=\"counter21\" value=\"10\" name=\"counter21\" \/><input type=\"hidden\" id=\"Itemid21\" value=\"\" name=\"Itemid21\" \/><input type=\"text\" class=\"fm-hide\" id=\"fm_bot_validation21\" value=\"\" name=\"fm_bot_validation21\" \/><input type=\"text\" class=\"fm-hide\" id=\"fm_empty_field_validation21\" value=\"\" name=\"fm_empty_field_validation21\" data-value=\"dc6f1cdd1edcb563f85fcf949026430c\" \/><input type=\"hidden\" id=\"fm_form_nonce21\" name=\"fm_form_nonce21\" value=\"27153c15df\" \/><input type=\"hidden\" name=\"_wp_http_referer\" value=\"\/fr\/wp-json\/wp\/v2\/pages\/23\" \/><div class=\"wdform-page-and-images fm-form-builder\" style=\"display:table; border-top:0px solid black;\"><div id=\"21form_view1\" class=\"wdform_page\" page_title=\"Untitled page\" next_title=\"Next\" next_type=\"text\" next_class=\"wdform-page-button\" next_checkable=\"false\" previous_title=\"Previous\" previous_type=\"text\" previous_class=\"wdform-page-button\" previous_checkable=\"false\"><div class=\"wdform_section fm-col-1\"><div class=\"wdform_column\"><div style=\"position: relative; left: 0px; top: 0px;\" class=\"wdform_row\" wdid=\"1\"><div type=\"type_text\" class=\"wdform-field wd-width-100 wd-flex wd-flex-row\"><div class=\"wdform-label-section wd-width-30  wd-flex-row wd-align-items-center\" style=\"max-width: 200px;\">    <label  for=\"wdform_1_element21\" class=\"wdform-label\">Nom<\/label><\/div><div class=\"wdform-element-section wd-flex  wd-flex-row wd-align-items-center wd-width-70\" style=\"max-width: 400px;\"><input type=\"text\"                           class=\"wd-width-100\"                           id=\"wdform_1_element21\"                           name=\"wdform_1_element21\"                           value=\"\"                           title=\"\"                           placeholder=\"\"                                                       \/><\/div><\/div><\/div><\/div><div class=\"wdform_column\"><div class=\"wdform_row\" wdid=\"2\"><div type=\"type_submitter_mail\" class=\"wdform-field wd-width-100 wd-flex wd-flex-row\"><div class=\"wdform-label-section wd-width-30  wd-flex-row\" style=\"max-width: 200px;\">    <label  for=\"wdform_2_element21\" class=\"wdform-label\">Adresse email<\/label><\/div><div class=\"wdform-element-section wd-flex  wd-flex-row wd-width-70\" style=\"max-width: 400px;\"><input type=\"text\" class=\"wd-width-100\" id=\"wdform_2_element21\" name=\"wdform_2_element21\" value=\"\" title=\"\" placeholder=\"\"   attribute=value onchange=\"wd_check_email('2', '21', 'This is not a valid email address.')\" \/><\/div><\/div><\/div><\/div><div class=\"wdform_column\"><div wdid=\"9\" class=\"wdform_row\" style=\"position: relative; left: 0px; top: 0px;\"><div type=\"type_phone_new\" class=\"wdform-field wd-width-100 wd-flex wd-flex-row\"><div class=\"wdform-label-section wd-width-30 \">    <label  for=\"wdform_9_element21\" class=\"wdform-label\">T\u00e9l\u00e9phone <\/label><\/div><div class=\"wdform-element-section wd-flex  wd-width-70\" style=\"max-width: 400px;\"><input type=\"text\"                       class=\"wd-width-100\"                       id=\"wdform_9_element21\"                       name=\"wdform_9_element21\"                       value=\"\"                       placeholder=\"\"  \/><\/div><\/div><\/div><\/div><div class=\"wdform_column\"><div class=\"wdform_row\" wdid=\"4\"><div type=\"type_textarea\" class=\"wdform-field wd-width-100 wd-flex wd-flex-row\"><div class=\"wdform-label-section wd-width-30 \" style=\"max-width: 200px;\">    <label  for=\"wdform_4_element21\" class=\"wdform-label\">Message<\/label><\/div><div class=\"wdform-element-section wd-flex  wd-width-70\" style=\"max-width: 400px;\"><textarea class=\"wd-width-100\"                      id=\"wdform_4_element21\"                      name=\"wdform_4_element21\"                      placeholder=\"\"                      style=\"height: 200px;\"                      ><\/textarea><\/div><\/div><\/div><\/div><div class=\"wdform_column\"><div wdid=\"7\" class=\"wdform_row\" style=\"\"><div type=\"type_hidden\" class=\"wdform-field wd-width-100 wd-flex wd-flex-column\"><div class=\"wdform-element-section wd-flex wd-width-100\" ><input type=\"hidden\" value=\"\" id=\"wdform_7_element21\" name=\"ref\"  attribute=value \/><\/div><\/div><\/div><\/div><div class=\"wdform_column\"><div style=\"\" class=\"wdform_row\" wdid=\"5\"><div type=\"type_captcha\" class=\"wdform-field wd-width-100 wd-flex wd-flex-row\"><div class=\"wdform-label-section wd-width-30  wd-flex-row wd-align-items-center\" style=\"max-width: 100px;\">    <label  for=\"wd_captcha_input21\" class=\"wdform-label\">Captcha<\/label><\/div><div class=\"wdform-element-section wd-flex  wd-flex-row wd-align-items-center wd-width-70\" ><img decoding=\"async\" type=\"captcha\"                           digit=\"5\"                           src=\" https:\/\/schwab-ltfi.com\/wp-admin\/admin-ajax.php?action=formmakerwdcaptcha_fmc&nonce=4dba2f9f62&digit=5&i=21\"                           id=\"wd_captcha21\"                           class=\"captcha_img wd-hidden\"                            \/><div class=\"captcha_refresh\" id=\"_element_refresh21\" ><\/div><input type=\"text\"                              class=\"captcha_input\"                              id=\"wd_captcha_input21\"                              name=\"captcha_input\"                              style=\"width: 70px;\"                               \/><\/div><\/div><\/div><\/div><div class=\"wdform_column\"><div style=\"\" class=\"wdform_row\" wdid=\"6\"><div type=\"type_submit_reset\" class=\"wdform-field wd-width-100 wd-flex wd-flex-column\"><div class=\"wdform-element-section wd-flex  wd-flex-row wd-width-100\" ><button  type=\"button\" class=\"button-submit\" onclick=\"fm_submit_form('21');\"  data-ajax=\"0\"><span class=\"fm-submit-loading spinner fm-ico-spinner\"><\/span>Envoyer<\/button><button  type=\"button\" class=\"button-reset \" onclick=\"fm_reset_form(21);\" >Reset<\/button><\/div><\/div><\/div><\/div><\/div><div valign=\"top\" class=\"wdform_footer\" style=\"width: 100%;\"><div style=\"width: 100%;\"><div style=\"width: 100%; display: table; padding-top:10px;\"><div style=\"display: table-row-group;\"><div id=\"21page_nav1\" style=\"display: table-row;\"><\/div><\/div><\/div><\/div><\/div><\/div><\/div><div class=\"wdform_preload\"><\/div><\/form><\/div>\n","protected":false},"excerpt":{"rendered":"<p>Gr\u00e2ce \u00e0 ses moyens de communications modernes, notre Cabinet affiche \u00e0 l\u2019encontre de ses donneurs d\u2019ordre une politique de communication \u00e9prouv\u00e9e et adopte la devise suivante : Un conseil personnalis\u00e9 en quelque lieu de votre choix et une grande disponibilit\u00e9 assur\u00e9e ! Afin de nous permettre de mieux r\u00e9pondre \u00e0 votre demande, veuillez s\u2019il vous&#8230;<\/p>\n","protected":false},"author":1,"featured_media":0,"parent":0,"menu_order":8,"comment_status":"closed","ping_status":"closed","template":"","meta":{"footnotes":""},"class_list":["post-23","page","type-page","status-publish","hentry"],"translation":{"provider":"WPGlobus","version":"3.0.2","language":"fr","enabled_languages":["de","en","fr"],"languages":{"de":{"title":true,"content":true,"excerpt":false},"en":{"title":true,"content":true,"excerpt":false},"fr":{"title":true,"content":true,"excerpt":false}}},"_links":{"self":[{"href":"https:\/\/schwab-ltfi.com\/fr\/wp-json\/wp\/v2\/pages\/23","targetHints":{"allow":["GET"]}}],"collection":[{"href":"https:\/\/schwab-ltfi.com\/fr\/wp-json\/wp\/v2\/pages"}],"about":[{"href":"https:\/\/schwab-ltfi.com\/fr\/wp-json\/wp\/v2\/types\/page"}],"author":[{"embeddable":true,"href":"https:\/\/schwab-ltfi.com\/fr\/wp-json\/wp\/v2\/users\/1"}],"replies":[{"embeddable":true,"href":"https:\/\/schwab-ltfi.com\/fr\/wp-json\/wp\/v2\/comments?post=23"}],"version-history":[{"count":11,"href":"https:\/\/schwab-ltfi.com\/fr\/wp-json\/wp\/v2\/pages\/23\/revisions"}],"predecessor-version":[{"id":580,"href":"https:\/\/schwab-ltfi.com\/fr\/wp-json\/wp\/v2\/pages\/23\/revisions\/580"}],"wp:attachment":[{"href":"https:\/\/schwab-ltfi.com\/fr\/wp-json\/wp\/v2\/media?parent=23"}],"curies":[{"name":"wp","href":"https:\/\/api.w.org\/{rel}","templated":true}]}}