{"id":19,"date":"2016-02-10T17:33:59","date_gmt":"2016-02-10T16:33:59","guid":{"rendered":"http:\/\/neu.schwab-ltfi.com\/?page_id=19"},"modified":"2023-02-28T09:02:55","modified_gmt":"2023-02-28T08:02:55","slug":"honorar","status":"publish","type":"page","link":"https:\/\/schwab-ltfi.com\/fr\/honorar\/","title":{"rendered":"Honoraires"},"content":{"rendered":"<p>Notre Cabinet s\u2019appuie sur des banques de donn\u00e9es et syst\u00e8mes de communication tr\u00e8s performants, sans cesse r\u00e9actualis\u00e9s afin de vous assurer des prestations de qualit\u00e9. Qu\u2019il s\u2019agisse de conseil juridique et fiscal classique ou de prestations hautement complexes telles celles n\u00e9cessit\u00e9es pour les proc\u00e9dures de financement de projets, la conception et la cr\u00e9ation d\u2019entreprise ou encore la planification et restructuration de vos prises de participation strat\u00e9gique. Ce niveau de performance requiert des investissements, frais et d\u00e9bours \u00e9lev\u00e9s pour notre Cabinet.<\/p>\n<p>Les modalit\u00e9s de calcul des honoraires des prestations r\u00e9alis\u00e9es par le cabinet s\u2019effectuent eu \u00e9gard \u00e0 la pertinence de la mission confi\u00e9e et dans un souci de lisibilit\u00e9 constante, soit en application des dispositions de la tarification en vigueur pour les honoraires d\u2019avocats et conseils fiscaux, soit &#8211; notamment dans les domaines du droit de l\u2019entreprise et des prises de participation &#8211; selon convention particuli\u00e8re &#8211; ou forfaitairement, soit apr\u00e8s d\u00e9compte des frais et d\u00e9bours moyennant une facturation mensuelle ou trimestrielle.<\/p>\n<p>D\u00e8s lors que notre collaboration est \u00e9tablie, nous d\u00e9finissons ensemble la formule la plus avantageuse en fonction de votre situation particuli\u00e8re et vous pr\u00e9sentons une estimation. Dans tous les cas, c\u2019est la r\u00e9alisation de vos objectifs qui reste notre principale priorit\u00e9 !<\/p>\n","protected":false},"excerpt":{"rendered":"<p>Notre Cabinet s\u2019appuie sur des banques de donn\u00e9es et syst\u00e8mes de communication tr\u00e8s performants, sans cesse r\u00e9actualis\u00e9s afin de vous assurer des prestations de qualit\u00e9. Qu\u2019il s\u2019agisse de conseil juridique et fiscal classique ou de prestations hautement complexes telles celles n\u00e9cessit\u00e9es pour les proc\u00e9dures de financement de projets, la conception et la cr\u00e9ation d\u2019entreprise ou&#8230;<\/p>\n","protected":false},"author":1,"featured_media":0,"parent":0,"menu_order":6,"comment_status":"closed","ping_status":"closed","template":"","meta":{"footnotes":""},"class_list":["post-19","page","type-page","status-publish","hentry"],"translation":{"provider":"WPGlobus","version":"3.0.2","language":"fr","enabled_languages":["de","en","fr"],"languages":{"de":{"title":true,"content":true,"excerpt":false},"en":{"title":true,"content":true,"excerpt":false},"fr":{"title":true,"content":true,"excerpt":false}}},"_links":{"self":[{"href":"https:\/\/schwab-ltfi.com\/fr\/wp-json\/wp\/v2\/pages\/19","targetHints":{"allow":["GET"]}}],"collection":[{"href":"https:\/\/schwab-ltfi.com\/fr\/wp-json\/wp\/v2\/pages"}],"about":[{"href":"https:\/\/schwab-ltfi.com\/fr\/wp-json\/wp\/v2\/types\/page"}],"author":[{"embeddable":true,"href":"https:\/\/schwab-ltfi.com\/fr\/wp-json\/wp\/v2\/users\/1"}],"replies":[{"embeddable":true,"href":"https:\/\/schwab-ltfi.com\/fr\/wp-json\/wp\/v2\/comments?post=19"}],"version-history":[{"count":4,"href":"https:\/\/schwab-ltfi.com\/fr\/wp-json\/wp\/v2\/pages\/19\/revisions"}],"predecessor-version":[{"id":214,"href":"https:\/\/schwab-ltfi.com\/fr\/wp-json\/wp\/v2\/pages\/19\/revisions\/214"}],"wp:attachment":[{"href":"https:\/\/schwab-ltfi.com\/fr\/wp-json\/wp\/v2\/media?parent=19"}],"curies":[{"name":"wp","href":"https:\/\/api.w.org\/{rel}","templated":true}]}}