{"id":12,"date":"2016-02-10T17:31:51","date_gmt":"2016-02-10T16:31:36","guid":{"rendered":"http:\/\/neu.schwab-ltfi.com\/?page_id=12"},"modified":"2023-02-28T09:02:55","modified_gmt":"2023-02-28T08:02:55","slug":"vertraulichkeit","status":"publish","type":"page","link":"https:\/\/schwab-ltfi.com\/fr\/vertraulichkeit\/","title":{"rendered":"Confidentialit\u00e9"},"content":{"rendered":"<p>L\u2019\u00e9thique et la philosophie de notre Cabinet s\u2019appuient sur une infaillible confidentialit\u00e9 et une totale discr\u00e9tion quant aux informations communiqu\u00e9es par nos donneurs d\u2019ordre et dans les limites fix\u00e9es par ces derniers. Notre Cabinet a construit sa dynamique autour de valeurs fortes : exp\u00e9rience, sens de l\u2019\u00e9coute, rigueur, r\u00e9activit\u00e9 et t\u00e9nacit\u00e9. Nous ne cherchons pas \u00e0 promouvoir le Cabinet en publiant le nom de nos clients ou de nos partenaires de r\u00e9seaux, mais sommes fiers de faire l\u2019objet de nombreuses recommandations, parfois m\u00eame de la part de la partie adverse.<\/p>\n<p>Notre Cabinet conseille ses clients depuis de nombreuses ann\u00e9es, certains d\u2019entres-eux m\u00eame issus de la deuxi\u00e8me g\u00e9n\u00e9ration. La structure et le concept de notre cabinet a su s\u2019adapter aux exigences du march\u00e9, \u00e0 sa constante \u00e9volution et est en mesure de relever vos nouveaux d\u00e9fis.<\/p>\n","protected":false},"excerpt":{"rendered":"<p>L\u2019\u00e9thique et la philosophie de notre Cabinet s\u2019appuient sur une infaillible confidentialit\u00e9 et une totale discr\u00e9tion quant aux informations communiqu\u00e9es par nos donneurs d\u2019ordre et dans les limites fix\u00e9es par ces derniers. Notre Cabinet a construit sa dynamique autour de valeurs fortes : exp\u00e9rience, sens de l\u2019\u00e9coute, rigueur, r\u00e9activit\u00e9 et t\u00e9nacit\u00e9. Nous ne cherchons pas&#8230;<\/p>\n","protected":false},"author":1,"featured_media":0,"parent":0,"menu_order":3,"comment_status":"closed","ping_status":"closed","template":"","meta":{"footnotes":""},"class_list":["post-12","page","type-page","status-publish","hentry"],"translation":{"provider":"WPGlobus","version":"3.0.2","language":"fr","enabled_languages":["de","en","fr"],"languages":{"de":{"title":true,"content":true,"excerpt":false},"en":{"title":true,"content":true,"excerpt":false},"fr":{"title":true,"content":true,"excerpt":false}}},"_links":{"self":[{"href":"https:\/\/schwab-ltfi.com\/fr\/wp-json\/wp\/v2\/pages\/12","targetHints":{"allow":["GET"]}}],"collection":[{"href":"https:\/\/schwab-ltfi.com\/fr\/wp-json\/wp\/v2\/pages"}],"about":[{"href":"https:\/\/schwab-ltfi.com\/fr\/wp-json\/wp\/v2\/types\/page"}],"author":[{"embeddable":true,"href":"https:\/\/schwab-ltfi.com\/fr\/wp-json\/wp\/v2\/users\/1"}],"replies":[{"embeddable":true,"href":"https:\/\/schwab-ltfi.com\/fr\/wp-json\/wp\/v2\/comments?post=12"}],"version-history":[{"count":3,"href":"https:\/\/schwab-ltfi.com\/fr\/wp-json\/wp\/v2\/pages\/12\/revisions"}],"predecessor-version":[{"id":74,"href":"https:\/\/schwab-ltfi.com\/fr\/wp-json\/wp\/v2\/pages\/12\/revisions\/74"}],"wp:attachment":[{"href":"https:\/\/schwab-ltfi.com\/fr\/wp-json\/wp\/v2\/media?parent=12"}],"curies":[{"name":"wp","href":"https:\/\/api.w.org\/{rel}","templated":true}]}}