{"id":10,"date":"2016-02-10T17:31:00","date_gmt":"2016-02-10T16:31:00","guid":{"rendered":"http:\/\/neu.schwab-ltfi.com\/?page_id=10"},"modified":"2023-02-28T09:02:55","modified_gmt":"2023-02-28T08:02:55","slug":"dienstleistungsangebot","status":"publish","type":"page","link":"https:\/\/schwab-ltfi.com\/fr\/dienstleistungsangebot\/","title":{"rendered":"Prestations propos\u00e9es"},"content":{"rendered":"<p>Notre activit\u00e9 de conseil et de gestion s\u2019adresse aussi bien aux entreprises, aux professions lib\u00e9rales, aux particuliers qu\u2019aux investisseurs priv\u00e9s ou publics quels que soient leur secteur d\u2019activit\u00e9 ou leur taille. De plus, nous conseillons \u00e9galement tous donneurs et familles d\u2019ordre sur toutes les questions de droit priv\u00e9 relatives \u00e0 la fiscalit\u00e9 patrimoniale.<\/p>\n<p>Notre Cabinet vous conseille durablement sur des strat\u00e9gies \u00e0 long terme en tenant compte des influences g\u00e9opolitiques, des fluctuations des march\u00e9s et des questions fiscales y aff\u00e9rentes. Ces strat\u00e9gies sont \u00e9labor\u00e9es et r\u00e9alis\u00e9es avec nos donneurs d\u2019ordre ind\u00e9pendamment de tout courant politique, quel qu\u2019il soit, afin de r\u00e9aliser plus-values financi\u00e8res et d\u00e9veloppements strat\u00e9giques.<\/p>\n<p>Nous sommes avocats de droit allemand et par l\u00e0-m\u00eame jouissons d\u2019une grande flexibilit\u00e9 et libert\u00e9 d\u2019action pour d\u00e9fendre au mieux vos int\u00e9r\u00eats. Notre exp\u00e9rience dans le domaine du conseil ou de la gestion de projets d\u00e9borde largement les limites de la consultation juridique classique. Au-del\u00e0 de la large exp\u00e9rience en conseil juridique et fiscal du cabinet, nos clients disposent \u00e9galement de notre expertise pluridisciplinaire en management.<\/p>\n<p>Les grands cabinets d\u2019avocats traditionnels, bien qu\u2019ils pr\u00e9sentent de nombreux avantages, manquent souvent de flexibilit\u00e9 et de r\u00e9activit\u00e9 en raison de structures lourdes. Notre Cabinet, au contraire, s\u2019appuie sur une structure organisationnelle souple et transparente, proche des attentes de ses donneurs d\u2019ordre. Cette forme structurelle pr\u00e9sente des avantages en terme de co\u00fbts, r\u00e9percut\u00e9s au client sous la forme d\u2019honoraires concurrentiels. Aussi, sauf convention particuli\u00e8re, les donneurs d\u2019ordre du Cabinet n\u2019ont qu\u2019un seul interlocuteur, attentif et disponible.<\/p>\n<p>Le si\u00e8ge de notre Cabinet est \u00e0 Munich en Bavi\u00e8re, mais notre structure nous permet, au cas par cas et en fonction de la probl\u00e9matique soulev\u00e9e, d\u2019intervenir partout dans le monde.<\/p>\n<p>L\u2019accompagnement projet sur le long terme constitue le c\u0153ur de m\u00e9tier de notre cabinet. Bien s\u00fbr, nous conseillons toujours nos donneurs d\u2019ordre pour toutes questions individuelles relatives aux affaires courantes.<\/p>\n","protected":false},"excerpt":{"rendered":"<p>Notre activit\u00e9 de conseil et de gestion s\u2019adresse aussi bien aux entreprises, aux professions lib\u00e9rales, aux particuliers qu\u2019aux investisseurs priv\u00e9s ou publics quels que soient leur secteur d\u2019activit\u00e9 ou leur taille. De plus, nous conseillons \u00e9galement tous donneurs et familles d\u2019ordre sur toutes les questions de droit priv\u00e9 relatives \u00e0 la fiscalit\u00e9 patrimoniale. Notre Cabinet&#8230;<\/p>\n","protected":false},"author":1,"featured_media":0,"parent":0,"menu_order":2,"comment_status":"closed","ping_status":"closed","template":"","meta":{"footnotes":""},"class_list":["post-10","page","type-page","status-publish","hentry"],"translation":{"provider":"WPGlobus","version":"3.0.2","language":"fr","enabled_languages":["de","en","fr"],"languages":{"de":{"title":true,"content":true,"excerpt":false},"en":{"title":true,"content":true,"excerpt":false},"fr":{"title":true,"content":true,"excerpt":false}}},"_links":{"self":[{"href":"https:\/\/schwab-ltfi.com\/fr\/wp-json\/wp\/v2\/pages\/10","targetHints":{"allow":["GET"]}}],"collection":[{"href":"https:\/\/schwab-ltfi.com\/fr\/wp-json\/wp\/v2\/pages"}],"about":[{"href":"https:\/\/schwab-ltfi.com\/fr\/wp-json\/wp\/v2\/types\/page"}],"author":[{"embeddable":true,"href":"https:\/\/schwab-ltfi.com\/fr\/wp-json\/wp\/v2\/users\/1"}],"replies":[{"embeddable":true,"href":"https:\/\/schwab-ltfi.com\/fr\/wp-json\/wp\/v2\/comments?post=10"}],"version-history":[{"count":8,"href":"https:\/\/schwab-ltfi.com\/fr\/wp-json\/wp\/v2\/pages\/10\/revisions"}],"predecessor-version":[{"id":352,"href":"https:\/\/schwab-ltfi.com\/fr\/wp-json\/wp\/v2\/pages\/10\/revisions\/352"}],"wp:attachment":[{"href":"https:\/\/schwab-ltfi.com\/fr\/wp-json\/wp\/v2\/media?parent=10"}],"curies":[{"name":"wp","href":"https:\/\/api.w.org\/{rel}","templated":true}]}}