{"id":523,"date":"2020-08-25T15:35:43","date_gmt":"2020-08-25T13:35:43","guid":{"rendered":"https:\/\/www.schwab-ltfi.com\/beratungsmodule-fuer-unternehmer\/beratungsmodul-v-vermoegensstruktur-renditekontrolle-steuerrecht-auch-fuer-privatiers-und-familien\/"},"modified":"2020-08-25T16:12:41","modified_gmt":"2020-08-25T14:12:41","slug":"beratungsmodul-v-vermoegensstruktur-renditekontrolle-steuerrecht-auch-fuer-privatiers-und-familien","status":"publish","type":"page","link":"https:\/\/schwab-ltfi.com\/en\/beratungsmodule-fuer-unternehmer\/beratungsmodul-v-vermoegensstruktur-renditekontrolle-steuerrecht-auch-fuer-privatiers-und-familien\/","title":{"rendered":"Beratungsmodul V &#8211; Verm\u00f6gensstruktur, Renditekontrolle, Steuerrecht &#8211; auch f\u00fcr Privatiers und Familien"},"content":{"rendered":"<p>In ihrer unternehmerischen und beruflichen Planung f\u00fcr die Strukturen Ihres Verm\u00f6gens und Ihrer Liquidit\u00e4t, aber auch im Rahmen der privaten Geldanlage stehen vor allem der Erhalt der Substanz und die Erzielung einer angemessenen Rendite im Vordergrund. Ebenso wichtige, jedoch mitunter vernachl\u00e4ssigte Themen in diesem Zusammenhang sind rechtliche Risikominimierung und die steuerliche Optimierung Ihrer Finanzierungs- und Anlageprodukte. Kennen Sie die rechtlichen Risiken und alle Kosten der von Ihnen verwendeten Anlage- und Finanzierungsinstrumente ? Wissen Sie am Ende jedes Jahres, wie viele Kosten und wie viele Ertr\u00e4ge Ihre Konten und Depots erzielt haben ? Kennen Sie die genauen Kosten der von Ihnen eingesetzten Finanzierungen ?<\/p>\n<p>Wir bewerten seit vielen Jahren interessenunabh\u00e4ngig auf Grundlage unserer Expertise sowie zusammen mit den Analysten unseres Netzwerkes die Leistungen von Banken und Finanzberatern. Unsere Beratung umfasst auch die Bewertung von rechtlichen Risiken, bevor es zu einer Anlageentscheidung kommt. F\u00fcr Ihre private und berufliche Verm\u00f6gens- sph\u00e4re bieten wir effektive Kontrollinstrumente und Strategien zum Erhalt und zur Verbesserung Ihrer finanziellen Unabh\u00e4ngigkeit.<\/p>\n<p>Um Ertr\u00e4ge und Verm\u00f6genssubstanz zu sichern, begleiten wir Ihre Finanzstrategien auch steuerrechtlich. Dies beginnt bei der steueroptimierten Bewertung Ihrer Anlageprodukte und denkbarer Alternativen, der regelm\u00e4\u00dfigen Kontrolle und Bewertung der Ergebnisse aus Konten und Depots und schlie\u00dft nicht zuletzt die Anfertigung der erforderlichen Steuererkl\u00e4rungen mit ein.<\/p>\n<p>Bitte sprechen Sie uns direkt an, sofern diese Dienstleistungen f\u00fcr Sie von Interesse sein k\u00f6nnten:<\/p>\n<p>Rechtsanwalt Dr. Kai Michael Schwab, Telefon 089 4613 490, kms@schwab-ltfi.com<\/p>\n<hr \/>\n<p><strong>Beratungsmodule f\u00fcr Unternehmer:<\/strong><\/p>\n<p><a href=\"https:\/\/www.schwab-ltfi.com\/beratungsmodule-fuer-unternehmer\/modul-i-inkasso\/\">Beratungsmodul I &#8211; Inkasso &#8211; au\u00dfergerichtlicher und gerichtlicher Einzug von Forderungen<\/a><br \/>\n<a href=\"https:\/\/www.schwab-ltfi.com\/beratungsmodule-fuer-unternehmer\/beratungsmodul-ii-vertragsgestaltung-und-geschaeftsbedingungen\/\">Beratungsmodul II &#8211; Vertragsgestaltung und Gesch\u00e4ftsbedingungen<\/a><br \/>\n<a href=\"https:\/\/www.schwab-ltfi.com\/beratungsmodule-fuer-unternehmer\/beratungsmodul-iii-internet-und-wettbewerbsrecht\/\">Beratungsmodul III &#8211; Internet- und Wettbewerbsrecht<\/a><br \/>\n<a href=\"https:\/\/www.schwab-ltfi.com\/beratungsmodule-fuer-unternehmer\/beratungsmodul-iv-langfristige-strategien\/\">Beratungsmodul IV &#8211; Langfristige Strategien<\/a><br \/>\n<strong>Beratungsmodul V &#8211; Verm\u00f6gensstruktur, Renditekontrolle, Steuerrecht &#8211; auch f\u00fcr Privatiers und Familien<\/strong><\/p>\n","protected":false},"excerpt":{"rendered":"<p>In ihrer unternehmerischen und beruflichen Planung f\u00fcr die Strukturen Ihres Verm\u00f6gens und Ihrer Liquidit\u00e4t, aber auch im Rahmen der privaten Geldanlage stehen vor allem der Erhalt der Substanz und die Erzielung einer angemessenen Rendite im Vordergrund. Ebenso wichtige, jedoch mitunter vernachl\u00e4ssigte Themen in diesem Zusammenhang sind rechtliche Risikominimierung und die steuerliche Optimierung Ihrer Finanzierungs- und&#8230;<\/p>\n","protected":false},"author":2,"featured_media":0,"parent":17,"menu_order":4,"comment_status":"closed","ping_status":"closed","template":"","meta":{"footnotes":""},"class_list":["post-523","page","type-page","status-publish","hentry"],"translation":{"provider":"WPGlobus","version":"3.0.2","language":"en","enabled_languages":["de","en","fr"],"languages":{"de":{"title":true,"content":true,"excerpt":false},"en":{"title":false,"content":false,"excerpt":false},"fr":{"title":false,"content":false,"excerpt":false}}},"_links":{"self":[{"href":"https:\/\/schwab-ltfi.com\/en\/wp-json\/wp\/v2\/pages\/523","targetHints":{"allow":["GET"]}}],"collection":[{"href":"https:\/\/schwab-ltfi.com\/en\/wp-json\/wp\/v2\/pages"}],"about":[{"href":"https:\/\/schwab-ltfi.com\/en\/wp-json\/wp\/v2\/types\/page"}],"author":[{"embeddable":true,"href":"https:\/\/schwab-ltfi.com\/en\/wp-json\/wp\/v2\/users\/2"}],"replies":[{"embeddable":true,"href":"https:\/\/schwab-ltfi.com\/en\/wp-json\/wp\/v2\/comments?post=523"}],"version-history":[{"count":2,"href":"https:\/\/schwab-ltfi.com\/en\/wp-json\/wp\/v2\/pages\/523\/revisions"}],"predecessor-version":[{"id":551,"href":"https:\/\/schwab-ltfi.com\/en\/wp-json\/wp\/v2\/pages\/523\/revisions\/551"}],"up":[{"embeddable":true,"href":"https:\/\/schwab-ltfi.com\/en\/wp-json\/wp\/v2\/pages\/17"}],"wp:attachment":[{"href":"https:\/\/schwab-ltfi.com\/en\/wp-json\/wp\/v2\/media?parent=523"}],"curies":[{"name":"wp","href":"https:\/\/api.w.org\/{rel}","templated":true}]}}