{"id":521,"date":"2020-08-25T15:34:49","date_gmt":"2020-08-25T13:34:49","guid":{"rendered":"https:\/\/www.schwab-ltfi.com\/beratungsmodule-fuer-unternehmer\/beratungsmodul-iv-langfristige-strategien\/"},"modified":"2020-08-25T16:12:41","modified_gmt":"2020-08-25T14:12:41","slug":"beratungsmodul-iv-langfristige-strategien","status":"publish","type":"page","link":"https:\/\/schwab-ltfi.com\/en\/beratungsmodule-fuer-unternehmer\/beratungsmodul-iv-langfristige-strategien\/","title":{"rendered":"Beratungsmodul IV &#8211; Langfristige Strategien"},"content":{"rendered":"<p>Das Tagesgesch\u00e4ft in Ihrem Unternehmen haben Sie im Griff. Gilt dies auch f\u00fcr langfristig\u00a0 bedeutsame Fragen ?<\/p>\n<ul>\n<li>besitzt Ihr Unternehmen die aktuell zutreffende Rechtsform ?<\/li>\n<li>wissen Sie,\u00a0\u00a0 welche\u00a0\u00a0 Schritte\u00a0 bei\u00a0\u00a0 Umgestaltung,\u00a0 Vergr\u00f6\u00dferung\u00a0\u00a0 oder\u00a0\u00a0 Verkleinerung \u00a0Ihres Unternehmens in rechtlicher und steuerlicher Hinsicht zu beachten sind ?<\/li>\n<li>verf\u00fcgen Sie \u00a0\u00fcber \u00a0vollst\u00e4ndige\u00a0 und \u00a0aktuelle\u00a0 Daten,\u00a0 mit \u00a0denen\u00a0 Sie \u00a0einen\u00a0 \u00a0etwaigen Restrukturierungsbedarf in Ihrem Unternehmen rechtzeitig erkennen ?<\/li>\n<li>gibt es in Ihrem Unternehmen eine konkret ausgearbeitete Nachfolgeregelung, die aktuell und auch auf Ihr pers\u00f6nliches Testament abgestimmt ist ?<\/li>\n<li>kennen Sie die optimale Vorgehensweise, falls Sie Ihr Unternehmen ver\u00e4u\u00dfern m\u00f6chten, etwa zur Vorbereitung Ihres Ruhestands ?<\/li>\n<\/ul>\n<p>Die vorgenannten Fragestellungen sind komplex und erfordern Erfahrung \u00fcber die reine Rechts- und Steuerberatung hinaus. Auch bei der Planung und Umsetzung langfristiger Strategien bietet unser Expertennetzwerk, deren Mitglieder sich nach den Anforderungen des jeweiligen Einzelfalls projektbezogen zusammenfinden, eine langj\u00e4hrig erprobte Beratungs- und Gestaltungspraxis.<\/p>\n<p>Bitte sprechen Sie uns direkt an, sofern diese Dienstleistungen f\u00fcr Sie von Interesse sein k\u00f6nnten:<\/p>\n<p>Rechtsanwalt Dr. Kai Michael Schwab, Telefon 089 4613 490, kms@schwab-ltfi.com<\/p>\n<hr \/>\n<p><strong>Beratungsmodule f\u00fcr Unternehmer:<\/strong><\/p>\n<p><a href=\"https:\/\/www.schwab-ltfi.com\/beratungsmodule-fuer-unternehmer\/modul-i-inkasso\/\">Beratungsmodul I &#8211; Inkasso &#8211; au\u00dfergerichtlicher und gerichtlicher Einzug von Forderungen<\/a><br \/>\n<a href=\"https:\/\/www.schwab-ltfi.com\/beratungsmodule-fuer-unternehmer\/beratungsmodul-ii-vertragsgestaltung-und-geschaeftsbedingungen\/\">Beratungsmodul II &#8211; Vertragsgestaltung und Gesch\u00e4ftsbedingungen<\/a><br \/>\n<a href=\"https:\/\/www.schwab-ltfi.com\/beratungsmodule-fuer-unternehmer\/beratungsmodul-iii-internet-und-wettbewerbsrecht\/\">Beratungsmodul III &#8211; Internet- und Wettbewerbsrecht<\/a><br \/>\n<strong>Beratungsmodul IV &#8211; Langfristige Strategien<\/strong><br \/>\n<a href=\"https:\/\/www.schwab-ltfi.com\/beratungsmodule-fuer-unternehmer\/beratungsmodul-v-vermoegensstruktur-renditekontrolle-steuerrecht-auch-fuer-privatiers-und-familien\/\">Beratungsmodul V &#8211; Verm\u00f6gensstruktur, Renditekontrolle, Steuerrecht &#8211; auch f\u00fcr Privatiers und Familien<\/a><\/p>\n","protected":false},"excerpt":{"rendered":"<p>Das Tagesgesch\u00e4ft in Ihrem Unternehmen haben Sie im Griff. Gilt dies auch f\u00fcr langfristig\u00a0 bedeutsame Fragen ? besitzt Ihr Unternehmen die aktuell zutreffende Rechtsform ? wissen Sie,\u00a0\u00a0 welche\u00a0\u00a0 Schritte\u00a0 bei\u00a0\u00a0 Umgestaltung,\u00a0 Vergr\u00f6\u00dferung\u00a0\u00a0 oder\u00a0\u00a0 Verkleinerung \u00a0Ihres Unternehmens in rechtlicher und steuerlicher Hinsicht zu beachten sind ? verf\u00fcgen Sie \u00a0\u00fcber \u00a0vollst\u00e4ndige\u00a0 und \u00a0aktuelle\u00a0 Daten,\u00a0 mit \u00a0denen\u00a0 Sie&#8230;<\/p>\n","protected":false},"author":2,"featured_media":0,"parent":17,"menu_order":3,"comment_status":"closed","ping_status":"closed","template":"","meta":{"footnotes":""},"class_list":["post-521","page","type-page","status-publish","hentry"],"translation":{"provider":"WPGlobus","version":"3.0.2","language":"en","enabled_languages":["de","en","fr"],"languages":{"de":{"title":true,"content":true,"excerpt":false},"en":{"title":false,"content":false,"excerpt":false},"fr":{"title":false,"content":false,"excerpt":false}}},"_links":{"self":[{"href":"https:\/\/schwab-ltfi.com\/en\/wp-json\/wp\/v2\/pages\/521","targetHints":{"allow":["GET"]}}],"collection":[{"href":"https:\/\/schwab-ltfi.com\/en\/wp-json\/wp\/v2\/pages"}],"about":[{"href":"https:\/\/schwab-ltfi.com\/en\/wp-json\/wp\/v2\/types\/page"}],"author":[{"embeddable":true,"href":"https:\/\/schwab-ltfi.com\/en\/wp-json\/wp\/v2\/users\/2"}],"replies":[{"embeddable":true,"href":"https:\/\/schwab-ltfi.com\/en\/wp-json\/wp\/v2\/comments?post=521"}],"version-history":[{"count":2,"href":"https:\/\/schwab-ltfi.com\/en\/wp-json\/wp\/v2\/pages\/521\/revisions"}],"predecessor-version":[{"id":550,"href":"https:\/\/schwab-ltfi.com\/en\/wp-json\/wp\/v2\/pages\/521\/revisions\/550"}],"up":[{"embeddable":true,"href":"https:\/\/schwab-ltfi.com\/en\/wp-json\/wp\/v2\/pages\/17"}],"wp:attachment":[{"href":"https:\/\/schwab-ltfi.com\/en\/wp-json\/wp\/v2\/media?parent=521"}],"curies":[{"name":"wp","href":"https:\/\/api.w.org\/{rel}","templated":true}]}}