{"id":516,"date":"2020-08-25T15:33:51","date_gmt":"2020-08-25T13:33:01","guid":{"rendered":"https:\/\/www.schwab-ltfi.com\/beratungsmodule-fuer-unternehmer\/beratungsmodul-ii-vertragsgestaltung-und-geschaeftsbedingungen\/"},"modified":"2020-08-25T16:12:41","modified_gmt":"2020-08-25T14:12:41","slug":"beratungsmodul-ii-vertragsgestaltung-und-geschaeftsbedingungen","status":"publish","type":"page","link":"https:\/\/schwab-ltfi.com\/en\/beratungsmodule-fuer-unternehmer\/beratungsmodul-ii-vertragsgestaltung-und-geschaeftsbedingungen\/","title":{"rendered":"Beratungsmodul II \u2013 Vertragsgestaltung und Gesch\u00e4ftsbedingungen"},"content":{"rendered":"<p>F\u00fcr den reibungslosen Ablauf in Ihrem Unternehmen ben\u00f6tigen Sie rechtlich und steuerlich wasserdichte Vertragsunterlagen und Gesch\u00e4ftsbedingungen. Dies betrifft zum einen die t\u00e4glich ben\u00f6tigten Dokumente (Vertr\u00e4ge, Best\u00e4tigungen und Einzelvereinbarungen mit Kunden, Arbeitnehmern, Lieferanten und Dritten) als auch besondere Vertr\u00e4ge f\u00fcr Gestaltungen \u00fcber den Tag hinaus.<\/p>\n<p>Wir bieten Ihnen die Pr\u00fcfung und erforderlichenfalls Aktualisierung Ihrer Gesch\u00e4ftsunterlagen und Vertr\u00e4ge einschlie\u00dflich der von Ihnen ben\u00f6tigten Gesch\u00e4ftsbedingungen zu einer vorab vereinbarten Pauschale an. Dabei ber\u00fccksichtigen wir die Besonderheiten in Ihrer Branche und den konkreten Bedarf in Ihrem Unternehmen.<\/p>\n<p>Wir f\u00fchren die erforderlichen Verhandlungen mit Ihren Gesch\u00e4fts- und Vertragspartnern, Beh\u00f6rden und \u00c4mtern oder setzen Ihre Anspr\u00fcche so effektiv wie m\u00f6glich auch vor Gericht durch. Das Ziel in diesem Beratungsmodul besteht in der Optimierung der rechtlichen und vertraglichen Abl\u00e4ufe in Ihrem Unternehmen zu transparenten und angemessenen Kosten.<\/p>\n<p>Bitte sprechen Sie uns direkt an, sofern diese Dienstleistungen f\u00fcr Sie von Interesse sein k\u00f6nnten:<\/p>\n<p>Rechtsanwalt Dr. Kai Michael Schwab, Telefon 089 4613 490, kms@schwab-ltfi.com<\/p>\n<hr \/>\n<p><strong>Beratungsmodule f\u00fcr Unternehmer:<\/strong><\/p>\n<p><a href=\"https:\/\/www.schwab-ltfi.com\/beratungsmodule-fuer-unternehmer\/modul-i-inkasso\/\">Beratungsmodul I &#8211; Inkasso &#8211; au\u00dfergerichtlicher und gerichtlicher Einzug von Forderungen<\/a><br \/>\n<strong>Beratungsmodul II &#8211; Vertragsgestaltung und Gesch\u00e4ftsbedingungen<\/strong><br \/>\n<a href=\"https:\/\/www.schwab-ltfi.com\/beratungsmodule-fuer-unternehmer\/beratungsmodul-iii-internet-und-wettbewerbsrecht\/\">Beratungsmodul III &#8211; Internet- und Wettbewerbsrecht<\/a><br \/>\n<a href=\"https:\/\/www.schwab-ltfi.com\/beratungsmodule-fuer-unternehmer\/beratungsmodul-iv-langfristige-strategien\/\">Beratungsmodul IV &#8211; Langfristige Strategien<\/a><br \/>\n<a href=\"https:\/\/www.schwab-ltfi.com\/beratungsmodule-fuer-unternehmer\/beratungsmodul-v-vermoegensstruktur-renditekontrolle-steuerrecht-auch-fuer-privatiers-und-familien\/\">Beratungsmodul V &#8211; Verm\u00f6gensstruktur, Renditekontrolle, Steuerrecht &#8211; auch f\u00fcr Privatiers und Familien<\/a><\/p>\n","protected":false},"excerpt":{"rendered":"<p>F\u00fcr den reibungslosen Ablauf in Ihrem Unternehmen ben\u00f6tigen Sie rechtlich und steuerlich wasserdichte Vertragsunterlagen und Gesch\u00e4ftsbedingungen. Dies betrifft zum einen die t\u00e4glich ben\u00f6tigten Dokumente (Vertr\u00e4ge, Best\u00e4tigungen und Einzelvereinbarungen mit Kunden, Arbeitnehmern, Lieferanten und Dritten) als auch besondere Vertr\u00e4ge f\u00fcr Gestaltungen \u00fcber den Tag hinaus. Wir bieten Ihnen die Pr\u00fcfung und erforderlichenfalls Aktualisierung Ihrer Gesch\u00e4ftsunterlagen und&#8230;<\/p>\n","protected":false},"author":2,"featured_media":0,"parent":17,"menu_order":1,"comment_status":"closed","ping_status":"closed","template":"","meta":{"footnotes":""},"class_list":["post-516","page","type-page","status-publish","hentry"],"translation":{"provider":"WPGlobus","version":"3.0.2","language":"en","enabled_languages":["de","en","fr"],"languages":{"de":{"title":true,"content":true,"excerpt":false},"en":{"title":false,"content":false,"excerpt":false},"fr":{"title":false,"content":false,"excerpt":false}}},"_links":{"self":[{"href":"https:\/\/schwab-ltfi.com\/en\/wp-json\/wp\/v2\/pages\/516","targetHints":{"allow":["GET"]}}],"collection":[{"href":"https:\/\/schwab-ltfi.com\/en\/wp-json\/wp\/v2\/pages"}],"about":[{"href":"https:\/\/schwab-ltfi.com\/en\/wp-json\/wp\/v2\/types\/page"}],"author":[{"embeddable":true,"href":"https:\/\/schwab-ltfi.com\/en\/wp-json\/wp\/v2\/users\/2"}],"replies":[{"embeddable":true,"href":"https:\/\/schwab-ltfi.com\/en\/wp-json\/wp\/v2\/comments?post=516"}],"version-history":[{"count":3,"href":"https:\/\/schwab-ltfi.com\/en\/wp-json\/wp\/v2\/pages\/516\/revisions"}],"predecessor-version":[{"id":548,"href":"https:\/\/schwab-ltfi.com\/en\/wp-json\/wp\/v2\/pages\/516\/revisions\/548"}],"up":[{"embeddable":true,"href":"https:\/\/schwab-ltfi.com\/en\/wp-json\/wp\/v2\/pages\/17"}],"wp:attachment":[{"href":"https:\/\/schwab-ltfi.com\/en\/wp-json\/wp\/v2\/media?parent=516"}],"curies":[{"name":"wp","href":"https:\/\/api.w.org\/{rel}","templated":true}]}}