{"id":510,"date":"2020-08-25T15:16:51","date_gmt":"2020-08-25T13:16:26","guid":{"rendered":"https:\/\/www.schwab-ltfi.com\/beratungsmodule-fuer-unternehmer\/modul-i-inkasso\/"},"modified":"2020-08-25T16:12:41","modified_gmt":"2020-08-25T14:12:41","slug":"modul-i-inkasso","status":"publish","type":"page","link":"https:\/\/schwab-ltfi.com\/en\/beratungsmodule-fuer-unternehmer\/modul-i-inkasso\/","title":{"rendered":"Beratungsmodul I &#8211; Inkasso &#8211; au\u00dfergerichtlicher und gerichtlicher Einzug von Forderungen"},"content":{"rendered":"<p>F\u00fcr Unternehmer ist neben der richtigen Strategie am Markt vor allem eines wichtig: Liquidit\u00e4t !<\/p>\n<p>Ihre Liquidit\u00e4t wird insbesondere durch s\u00e4umige Kunden belastet, die von ihnen die bestellten Werke und Leistungen erhalten haben, aber nicht bezahlen. Wir bieten Ihnen an, gegen zahlungsunwillige Kunden mit einem abgestuften, in der Praxis erprobten Verfahren vorzugehen:<\/p>\n<p>Als erstes \u00fcberpr\u00fcfen wir den s\u00e4umigen Kunden. Unsere \u00dcberpr\u00fcfung ist umfangreicher als bei \u00fcblichen Inkassob\u00fcros. Sie erhalten f\u00fcr eine Pauschalgeb\u00fchr von \u20ac 40,00 brutto Informationen \u00fcber<\/p>\n<ul>\n<li>die Bonit\u00e4t des Schuldners<\/li>\n<li>gegen den Schuldner laufende Vollstreckungen<\/li>\n<li>etwa bereits vom Schuldner abgegebene eidestattliche Versicherungen (soda\u00df die Fortsetzung des Forderungseinzugs nicht oder vorl\u00e4ufig nicht lohnt)<\/li>\n<\/ul>\n<p>Anschlie\u00dfend, im Regelfall, mahnen wir Ihren Schuldner schriftlich mit Zahlungsaufforderung und Klageank\u00fcndigung mit Fristsetzung. Sofern dann immer noch keine Zahlung erfolgt, leiten wir das gesetzliche Mahn- oder Klageverfahren ein und verfolgen Ihren Anspruch vor Gericht und anschlie\u00dfend per Zwangsvollstreckung. Vor Einschaltung der Gerichte und Einleitung der Vollstreckung besprechen wir stets vorab mit Ihnen die bestehenden Rechts- und Kostenrisiken. Bei Erfolg der Vollstreckung hat der Schuldner alle anfallenden Kosten zu tragen. Falls die Vollstreckung zu keinem Ergebnis f\u00fchrt, berechnen wir Ihnen lediglich eine Aufwandspauschale, die f\u00fcr Sie steuerlich absetzbar ist. Je mehr Forderungen wir f\u00fcr Sie bearbeiten, um so g\u00fcnstiger wird diese Pauschale.<\/p>\n<p>Bitte sprechen Sie uns direkt an, sofern diese Dienstleistungen f\u00fcr Sie von Interesse sein k\u00f6nnten:<\/p>\n<p>Rechtsanwalt Dr. Kai Michael Schwab, Telefon 089 4613 490, kms@schwab-ltfi.com<\/p>\n<hr \/>\n<p><strong>Beratungsmodule f\u00fcr Unternehmer:<\/strong><\/p>\n<p><strong>Beratungsmodul I &#8211; Inkasso &#8211; au\u00dfergerichtlicher und gerichtlicher Einzug von Forderungen<\/strong><br \/>\n<a href=\"https:\/\/www.schwab-ltfi.com\/beratungsmodule-fuer-unternehmer\/beratungsmodul-ii-vertragsgestaltung-und-geschaeftsbedingungen\/\">Beratungsmodul II &#8211; Vertragsgestaltung und Gesch\u00e4ftsbedingungen<\/a><br \/>\n<a href=\"https:\/\/www.schwab-ltfi.com\/beratungsmodule-fuer-unternehmer\/beratungsmodul-iii-internet-und-wettbewerbsrecht\/\">Beratungsmodul III &#8211; Internet- und Wettbewerbsrecht<\/a><br \/>\n<a href=\"https:\/\/www.schwab-ltfi.com\/beratungsmodule-fuer-unternehmer\/beratungsmodul-iv-langfristige-strategien\/\">Beratungsmodul IV &#8211; Langfristige Strategien<\/a><br \/>\n<a href=\"https:\/\/www.schwab-ltfi.com\/beratungsmodule-fuer-unternehmer\/beratungsmodul-v-vermoegensstruktur-renditekontrolle-steuerrecht-auch-fuer-privatiers-und-familien\/\">Beratungsmodul V &#8211; Verm\u00f6gensstruktur, Renditekontrolle, Steuerrecht &#8211; auch f\u00fcr Privatiers und Familien<\/a><\/p>\n","protected":false},"excerpt":{"rendered":"<p>F\u00fcr Unternehmer ist neben der richtigen Strategie am Markt vor allem eines wichtig: Liquidit\u00e4t ! Ihre Liquidit\u00e4t wird insbesondere durch s\u00e4umige Kunden belastet, die von ihnen die bestellten Werke und Leistungen erhalten haben, aber nicht bezahlen. Wir bieten Ihnen an, gegen zahlungsunwillige Kunden mit einem abgestuften, in der Praxis erprobten Verfahren vorzugehen: Als erstes \u00fcberpr\u00fcfen&#8230;<\/p>\n","protected":false},"author":2,"featured_media":0,"parent":17,"menu_order":0,"comment_status":"closed","ping_status":"closed","template":"","meta":{"footnotes":""},"class_list":["post-510","page","type-page","status-publish","hentry"],"translation":{"provider":"WPGlobus","version":"3.0.2","language":"en","enabled_languages":["de","en","fr"],"languages":{"de":{"title":true,"content":true,"excerpt":false},"en":{"title":false,"content":false,"excerpt":false},"fr":{"title":false,"content":false,"excerpt":false}}},"_links":{"self":[{"href":"https:\/\/schwab-ltfi.com\/en\/wp-json\/wp\/v2\/pages\/510","targetHints":{"allow":["GET"]}}],"collection":[{"href":"https:\/\/schwab-ltfi.com\/en\/wp-json\/wp\/v2\/pages"}],"about":[{"href":"https:\/\/schwab-ltfi.com\/en\/wp-json\/wp\/v2\/types\/page"}],"author":[{"embeddable":true,"href":"https:\/\/schwab-ltfi.com\/en\/wp-json\/wp\/v2\/users\/2"}],"replies":[{"embeddable":true,"href":"https:\/\/schwab-ltfi.com\/en\/wp-json\/wp\/v2\/comments?post=510"}],"version-history":[{"count":2,"href":"https:\/\/schwab-ltfi.com\/en\/wp-json\/wp\/v2\/pages\/510\/revisions"}],"predecessor-version":[{"id":547,"href":"https:\/\/schwab-ltfi.com\/en\/wp-json\/wp\/v2\/pages\/510\/revisions\/547"}],"up":[{"embeddable":true,"href":"https:\/\/schwab-ltfi.com\/en\/wp-json\/wp\/v2\/pages\/17"}],"wp:attachment":[{"href":"https:\/\/schwab-ltfi.com\/en\/wp-json\/wp\/v2\/media?parent=510"}],"curies":[{"name":"wp","href":"https:\/\/api.w.org\/{rel}","templated":true}]}}