{"id":17,"date":"2016-02-10T17:33:44","date_gmt":"2016-02-10T16:33:44","guid":{"rendered":"http:\/\/neu.schwab-ltfi.com\/?page_id=17"},"modified":"2023-02-28T09:02:55","modified_gmt":"2023-02-28T08:02:55","slug":"beratungsmodule-fuer-unternehmer","status":"publish","type":"page","link":"https:\/\/schwab-ltfi.com\/en\/beratungsmodule-fuer-unternehmer\/","title":{"rendered":"Beratungsmodule f\u00fcr Unternehmer"},"content":{"rendered":"<p>Besonders h\u00e4ufig werden wir von Unternehmern auf vier Themenbereiche angesprochen. Den Kernbereich dieser Themen<\/p>\n<ul>\n<li><a href=\"https:\/\/www.schwab-ltfi.com\/beratungsmodule-fuer-unternehmer\/modul-i-inkasso\/\">Modul I &#8211; Inkasso<\/a><\/li>\n<li><a href=\"https:\/\/www.schwab-ltfi.com\/beratungsmodule-fuer-unternehmer\/beratungsmodul-ii-vertragsgestaltung-und-geschaeftsbedingungen\/\">Modul II &#8211; Vertragsgestaltung und Gesch\u00e4ftsbedingungen<\/a><\/li>\n<li><a href=\"https:\/\/www.schwab-ltfi.com\/beratungsmodule-fuer-unternehmer\/beratungsmodul-iii-internet-und-wettbewerbsrecht\/\">Modul III &#8211; Internet- und Wettbewerbsrecht<\/a><\/li>\n<li><a href=\"https:\/\/www.schwab-ltfi.com\/beratungsmodule-fuer-unternehmer\/beratungsmodul-iv-langfristige-strategien\/\">Modul IV &#8211; Langfristige Strategien<\/a><\/li>\n<li><a href=\"https:\/\/www.schwab-ltfi.com\/beratungsmodule-fuer-unternehmer\/beratungsmodul-v-vermoegensstruktur-renditekontrolle-steuerrecht-auch-fuer-privatiers-und-familien\/\">Modul V &#8211; Verm\u00f6gensstruktur, Renditekontrolle, Steuerrecht &#8211; auch f\u00fcr Privatiers und Familien<\/a><\/li>\n<\/ul>\n<p>haben wir deshalb auf die Praxisbed\u00fcrfnisse unserer Auftraggeber abgestimmt und in Beratungsmodule zusammengefa\u00dft. Diese Module bieten wir Ihnen zu g\u00fcnstigen Paketpreisen &#8211; neben unserer klassischen Rechts- und Steuerberatung &#8211; an. Eine erste Beschreibung der Module ist in den oben verlinkten Seiten abrufbar. Einzelheiten stellen wir Ihnen gerne pers\u00f6nlich vor. Bitte sprechen Sie uns bei Bedarf an.<\/p>\n","protected":false},"excerpt":{"rendered":"<p>Besonders h\u00e4ufig werden wir von Unternehmern auf vier Themenbereiche angesprochen. Den Kernbereich dieser Themen Modul I &#8211; Inkasso Modul II &#8211; Vertragsgestaltung und Gesch\u00e4ftsbedingungen Modul III &#8211; Internet- und Wettbewerbsrecht Modul IV &#8211; Langfristige Strategien Modul V &#8211; Verm\u00f6gensstruktur, Renditekontrolle, Steuerrecht &#8211; auch f\u00fcr Privatiers und Familien haben wir deshalb auf die Praxisbed\u00fcrfnisse unserer Auftraggeber&#8230;<\/p>\n","protected":false},"author":1,"featured_media":0,"parent":0,"menu_order":5,"comment_status":"closed","ping_status":"closed","template":"","meta":{"footnotes":""},"class_list":["post-17","page","type-page","status-publish","hentry"],"translation":{"provider":"WPGlobus","version":"3.0.2","language":"en","enabled_languages":["de","en","fr"],"languages":{"de":{"title":true,"content":true,"excerpt":false},"en":{"title":false,"content":false,"excerpt":false},"fr":{"title":false,"content":false,"excerpt":false}}},"_links":{"self":[{"href":"https:\/\/schwab-ltfi.com\/en\/wp-json\/wp\/v2\/pages\/17","targetHints":{"allow":["GET"]}}],"collection":[{"href":"https:\/\/schwab-ltfi.com\/en\/wp-json\/wp\/v2\/pages"}],"about":[{"href":"https:\/\/schwab-ltfi.com\/en\/wp-json\/wp\/v2\/types\/page"}],"author":[{"embeddable":true,"href":"https:\/\/schwab-ltfi.com\/en\/wp-json\/wp\/v2\/users\/1"}],"replies":[{"embeddable":true,"href":"https:\/\/schwab-ltfi.com\/en\/wp-json\/wp\/v2\/comments?post=17"}],"version-history":[{"count":18,"href":"https:\/\/schwab-ltfi.com\/en\/wp-json\/wp\/v2\/pages\/17\/revisions"}],"predecessor-version":[{"id":546,"href":"https:\/\/schwab-ltfi.com\/en\/wp-json\/wp\/v2\/pages\/17\/revisions\/546"}],"wp:attachment":[{"href":"https:\/\/schwab-ltfi.com\/en\/wp-json\/wp\/v2\/media?parent=17"}],"curies":[{"name":"wp","href":"https:\/\/api.w.org\/{rel}","templated":true}]}}